{"id":268934,"date":"2025-10-24T07:06:23","date_gmt":"2025-10-24T05:06:23","guid":{"rendered":"https:\/\/hwr.ba\/?page_id=268934"},"modified":"2025-10-29T15:25:42","modified_gmt":"2025-10-29T14:25:42","slug":"trebinje","status":"publish","type":"page","link":"https:\/\/hwr.ba\/bs\/dani-otvorenih-podruma\/trebinje\/","title":{"rendered":"Trebinje"},"content":{"rendered":"<p>[et_pb_section fb_built=&#8221;1&#8221; admin_label=&#8221;Header&#8221; module_class=&#8221;header-bottom-devider&#8221; _builder_version=&#8221;4.27.4&#8221; _module_preset=&#8221;default&#8221; background_color=&#8221;#372120&#8221; use_background_color_gradient=&#8221;on&#8221; background_color_gradient_stops=&#8221;#372221 0%|rgba(55,34,33,0.25) 20%&#8221; background_color_gradient_overlays_image=&#8221;on&#8221; background_image=&#8221;https:\/\/hwr.ba\/wp-content\/uploads\/2025\/10\/Naslovna-1.png&#8221; width=&#8221;100%&#8221; max_width=&#8221;100%&#8221; max_width_tablet=&#8221;&#8221; max_width_phone=&#8221;&#8221; max_width_last_edited=&#8221;on|tablet&#8221; min_height=&#8221;100vh&#8221; min_height_tablet=&#8221;100vh&#8221; min_height_phone=&#8221;100vh&#8221; min_height_last_edited=&#8221;on|phone&#8221; height=&#8221;100vh&#8221; height_tablet=&#8221;&#8221; height_phone=&#8221;auto&#8221; height_last_edited=&#8221;on|phone&#8221; max_height_tablet=&#8221;&#8221; max_height_phone=&#8221;&#8221; max_height_last_edited=&#8221;on|tablet&#8221; custom_margin=&#8221;0px|0px|0px|0px|false|false&#8221; custom_padding=&#8221;0px|0px|0px|0px|false|false&#8221; bottom_divider_height=&#8221;120px&#8221; bottom_divider_arrangement=&#8221;above_content&#8221; bottom_divider_height_phone=&#8221;74px&#8221; bottom_divider_height_last_edited=&#8221;off|tablet&#8221; global_colors_info=&#8221;{}&#8221;][et_pb_row custom_padding_last_edited=&#8221;on|desktop&#8221; _builder_version=&#8221;4.20.2&#8221; _module_preset=&#8221;default&#8221; width=&#8221;75%&#8221; width_tablet=&#8221;90%&#8221; width_phone=&#8221;100%&#8221; width_last_edited=&#8221;on|phone&#8221; custom_padding=&#8221;|2rem||2rem|false|true&#8221; custom_padding_tablet=&#8221;|1.5rem||1.5rem|false|true&#8221; custom_padding_phone=&#8221;|1rem||1rem|false|true&#8221; custom_css_main_element=&#8221;display: flex;||align-items: center;||min-height: 100vh;||&#8221; global_colors_info=&#8221;{}&#8221; custom_css_main_element_last_edited=&#8221;on|desktop&#8221; custom_css_main_element_tablet=&#8221;display: flex;||align-items: center;||min-height: 100vh;&#8221; custom_css_main_element_phone=&#8221;display: flex;||align-items: center;||min-height: 100vh;&#8221;][et_pb_column type=&#8221;4_4&#8221; _builder_version=&#8221;4.20.0&#8221; _module_preset=&#8221;default&#8221; global_colors_info=&#8221;{}&#8221;][\/et_pb_column][\/et_pb_row][\/et_pb_section][et_pb_section fb_built=&#8221;1&#8221; _builder_version=&#8221;4.27.4&#8221; _module_preset=&#8221;default&#8221; background_color=&#8221;#F9F8F4&#8221; custom_margin=&#8221;||||false|false&#8221; custom_padding=&#8221;1rem||0px||false|false&#8221; global_colors_info=&#8221;{}&#8221;][et_pb_row use_custom_gutter=&#8221;on&#8221; gutter_width=&#8221;2&#8221; make_equal=&#8221;on&#8221; custom_padding_last_edited=&#8221;on|tablet&#8221; module_class=&#8221;hwr-title-row-background-img&#8221; _builder_version=&#8221;4.19.2&#8221; _module_preset=&#8221;default&#8221; background_enable_image=&#8221;off&#8221; background_size=&#8221;custom&#8221; background_image_width=&#8221;150px&#8221; background_position=&#8221;center_left&#8221; width=&#8221;90%&#8221; width_tablet=&#8221;90%&#8221; width_phone=&#8221;90%&#8221; width_last_edited=&#8221;on|phone&#8221; min_height=&#8221;250px&#8221; min_height_tablet=&#8221;auto&#8221; min_height_phone=&#8221;auto&#8221; min_height_last_edited=&#8221;on|phone&#8221; custom_margin=&#8221;||||false|false&#8221; custom_padding=&#8221;||||false|false&#8221; custom_padding_tablet=&#8221;||||false|false&#8221; custom_padding_phone=&#8221;||0px||false|false&#8221; animation_style=&#8221;fade&#8221; animation_duration=&#8221;1500ms&#8221; animation_delay=&#8221;500ms&#8221; custom_css_before=&#8221;content: %22%22;||background-image: url(&#8216;https:\/\/hwr.ba\/wp-content\/uploads\/2022\/12\/grapes.svg&#8217;);||background-size: contain;||background-repeat: no-repeat;||position: absolute;||top: 0px;||right: 0px;||bottom: 0px;||left: 0px;||opacity: 0.4;||width: 150px;&#8221; global_colors_info=&#8221;{}&#8221; custom_css_before_last_edited=&#8221;on|tablet&#8221; custom_css_before_tablet=&#8221;content: %22%22;||background-image: url(&#8216;https:\/\/hwr.ba\/wp-content\/uploads\/2022\/12\/grapes.svg&#8217;);||background-size: contain;||background-repeat: no-repeat;||position: absolute;||top: 0px;||right: 0px;||bottom: 0px;||left: 0px;||opacity: 0.4;||width: 100px;&#8221; custom_css_before_phone=&#8221;content: %22%22;||background-image: url(&#8216;https:\/\/hwr.ba\/wp-content\/uploads\/2022\/12\/grapes.svg&#8217;);||background-size: contain;||background-repeat: no-repeat;||position: absolute;||top: 0px;||right: 0px;||bottom: 0px;||left: 0px;||opacity: 0.4;||width: 80px;&#8221;][et_pb_column type=&#8221;4_4&#8221; _builder_version=&#8221;4.19.2&#8221; _module_preset=&#8221;default&#8221; custom_padding=&#8221;0px|0px|0px||false|false&#8221; global_colors_info=&#8221;{}&#8221;][et_pb_text _builder_version=&#8221;4.20.2&#8221; _module_preset=&#8221;default&#8221; text_font=&#8221;Alata|||on|||||&#8221; text_text_color=&#8221;#B12E64&#8221; text_letter_spacing=&#8221;10px&#8221; vertical_offset=&#8221;25px&#8221; horizontal_offset=&#8221;-320px&#8221; width_tablet=&#8221;100%&#8221; width_phone=&#8221;100%&#8221; width_last_edited=&#8221;on|desktop&#8221; module_alignment=&#8221;left&#8221; custom_margin=&#8221;-1rem||||false|false&#8221; custom_padding=&#8221;1rem|||6rem|false|false&#8221; custom_padding_tablet=&#8221;0rem|||4rem|false|false&#8221; custom_padding_phone=&#8221;0rem|||3.5rem|false|false&#8221; custom_padding_last_edited=&#8221;on|desktop&#8221; text_font_size_tablet=&#8221;16px&#8221; text_font_size_phone=&#8221;12px&#8221; text_font_size_last_edited=&#8221;on|phone&#8221; global_colors_info=&#8221;{}&#8221;]<\/p>\n<p>HWR<\/p>\n<p>[\/et_pb_text][dnxte_text_color_motion text_color_motion=&#8221;Trebinje 15.11. \u2013 16.11.2025.&#8221; heading_tag=&#8221;h1&#8221; text_color_motion_style=&#8221;dnxt-grdnt-text-animation-2&#8221; color_motion_color_one=&#8221;#B12E64&#8221; color_motion_color_two=&#8221;#B12E64&#8221; color_motion_color_three=&#8221;#372221&#8221; color_motion_color_four=&#8221;#372221&#8221; _builder_version=&#8221;4.27.4&#8221; _module_preset=&#8221;default&#8221; dnxt_color_motion_fonts_font=&#8221;|700|||||||&#8221; dnxt_color_motion_fonts_font_size=&#8221;72px&#8221; vertical_offset=&#8221;82px&#8221; horizontal_offset=&#8221;-250px&#8221; width_tablet=&#8221;100%&#8221; width_phone=&#8221;100%&#8221; width_last_edited=&#8221;on|phone&#8221; max_width_tablet=&#8221;&#8221; max_width_phone=&#8221;&#8221; max_width_last_edited=&#8221;on|tablet&#8221; module_alignment=&#8221;left&#8221; custom_margin=&#8221;-1rem||||false|false&#8221; custom_margin_tablet=&#8221;|0px||0px|false|false&#8221; custom_margin_phone=&#8221;|0px||0px|false|false&#8221; custom_margin_last_edited=&#8221;on|phone&#8221; custom_padding=&#8221;|||6rem|false|false&#8221; custom_padding_tablet=&#8221;|||4rem|false|false&#8221; custom_padding_phone=&#8221;|||3.5rem|false|false&#8221; custom_padding_last_edited=&#8221;on|phone&#8221; dnxt_color_motion_fonts_font_size_tablet=&#8221;48px&#8221; dnxt_color_motion_fonts_font_size_phone=&#8221;36px&#8221; dnxt_color_motion_fonts_font_size_last_edited=&#8221;on|phone&#8221; global_colors_info=&#8221;{}&#8221; width__hover_enabled=&#8221;off|desktop&#8221;][\/dnxte_text_color_motion][\/et_pb_column][\/et_pb_row][\/et_pb_section][et_pb_section fb_built=&#8221;1&#8221; custom_padding_last_edited=&#8221;on|phone&#8221; _builder_version=&#8221;4.27.4&#8221; _module_preset=&#8221;default&#8221; background_color=&#8221;#F9F8F4&#8221; custom_margin=&#8221;||||false|false&#8221; custom_margin_tablet=&#8221;||0px||false|false&#8221; custom_margin_phone=&#8221;||0px||false|false&#8221; custom_margin_last_edited=&#8221;on|tablet&#8221; custom_padding=&#8221;0px||0px||false|false&#8221; custom_padding_tablet=&#8221;0px||0px||false|false&#8221; custom_padding_phone=&#8221;0px||3rem||false|false&#8221; global_colors_info=&#8221;{}&#8221;][et_pb_row column_structure=&#8221;1_2,1_2&#8221; use_custom_gutter=&#8221;on&#8221; gutter_width=&#8221;2&#8221; custom_padding_last_edited=&#8221;on|desktop&#8221; _builder_version=&#8221;4.27.4&#8221; _module_preset=&#8221;default&#8221; width=&#8221;90%&#8221; width_tablet=&#8221;100%&#8221; width_phone=&#8221;100%&#8221; width_last_edited=&#8221;on|desktop&#8221; max_width=&#8221;1080px&#8221; custom_margin=&#8221;||||false|false&#8221; custom_margin_tablet=&#8221;||||false|false&#8221; custom_margin_phone=&#8221;||||false|false&#8221; custom_margin_last_edited=&#8221;on|tablet&#8221; custom_padding_tablet=&#8221;||0px||false|false&#8221; custom_padding_phone=&#8221;||0px||false|false&#8221; global_colors_info=&#8221;{}&#8221;][et_pb_column type=&#8221;1_2&#8221; _builder_version=&#8221;4.19.2&#8221; _module_preset=&#8221;default&#8221; global_colors_info=&#8221;{}&#8221;][et_pb_image src=&#8221;https:\/\/hwr.ba\/wp-content\/uploads\/2025\/10\/Podrumi-manastira-Tvrdos.png&#8221; title_text=&#8221;Podrumi manastira Tvrdo\u0161&#8221; align_tablet=&#8221;center&#8221; align_phone=&#8221;center&#8221; align_last_edited=&#8221;on|desktop&#8221; _builder_version=&#8221;4.27.4&#8221; _module_preset=&#8221;default&#8221; width_tablet=&#8221;&#8221; width_phone=&#8221;&#8221; width_last_edited=&#8221;on|phone&#8221; module_alignment=&#8221;center&#8221; custom_padding_tablet=&#8221;|2rem||2rem|false|true&#8221; custom_padding_phone=&#8221;|0rem||0rem|false|true&#8221; custom_padding_last_edited=&#8221;on|desktop&#8221; animation_direction=&#8221;left&#8221; hover_transition_duration=&#8221;3000ms&#8221; border_radii=&#8221;on|10px|10px|10px|10px&#8221; global_colors_info=&#8221;{}&#8221;][\/et_pb_image][\/et_pb_column][et_pb_column type=&#8221;1_2&#8221; _builder_version=&#8221;4.19.2&#8221; _module_preset=&#8221;default&#8221; global_colors_info=&#8221;{}&#8221;][et_pb_heading title=&#8221;Podrumi manastira Tvrdo\u0161&#8221; _builder_version=&#8221;4.27.4&#8221; _module_preset=&#8221;default&#8221; title_level=&#8221;h2&#8221; title_font=&#8221;|700|||||||&#8221; title_text_color=&#8221;#B12E64&#8221; title_font_size=&#8221;42px&#8221; title_font_size_tablet=&#8221;42px&#8221; title_font_size_phone=&#8221;32px&#8221; title_font_size_last_edited=&#8221;on|phone&#8221; global_colors_info=&#8221;{}&#8221;][\/et_pb_heading][et_pb_text _builder_version=&#8221;4.27.4&#8221; _module_preset=&#8221;default&#8221; text_font=&#8221;Lora||||||||&#8221; text_font_size=&#8221;20px&#8221; text_line_height=&#8221;1.5em&#8221; text_font_size_tablet=&#8221;20px&#8221; text_font_size_phone=&#8221;18px&#8221; text_font_size_last_edited=&#8221;on|phone&#8221; global_colors_info=&#8221;{}&#8221;]<\/p>\n<p>\ud83d\udcc5 <strong>Subota, 15.11.2025.<\/strong><br \/>\ud83d\udd59 10:00 \u2013 15:00 h<br \/>\ud83c\udf47\u26ea POSJET MANASTIRU I VINARIJI<br \/>\ud83d\udccd Podrumi manastira Tvrdo\u0161, Trebinje<\/p>\n<p>Pozivamo vas na autenti\u010dno iskustvo koje povezuje duhovnost, povijest i vrhunsku vinsku tradiciju dugu vi\u0161e od 500 godina.<\/p>\n<p>\ud83d\udd39 PROGRAM POSJETE:<br \/>\ud83d\udde3\ufe0f Uvodno obra\u0107anje vodi\u010da ili monaha o povijesti i zna\u010daju Manastira Tvrdo\u0161 za Hercegovinu.<br \/>\ud83c\udfdb\ufe0f Obilazak manastirskog kompleksa<br \/>\ud83c\udf77 Posjet vinskim podrumima Manastira Tvrdo\u0161<br \/>\ud83c\udf47 Vo\u0111ena degustacija vina<br \/>\ud83d\udecd\ufe0f Slobodno vrijeme za posjetitelje<br \/>\ud83d\udcde Kontakt osoba za vi\u0161e informacija i najave dolaska:<br \/>\ud83d\udcf2 +387 66 732 437 Miroslav Savi\u0107<\/p>\n<p>[\/et_pb_text][\/et_pb_column][\/et_pb_row][\/et_pb_section][et_pb_section fb_built=&#8221;1&#8221; custom_padding_last_edited=&#8221;on|phone&#8221; _builder_version=&#8221;4.27.4&#8221; _module_preset=&#8221;default&#8221; background_color=&#8221;#F9F8F4&#8221; custom_margin=&#8221;||||false|false&#8221; custom_margin_tablet=&#8221;||0px||false|false&#8221; custom_margin_phone=&#8221;||0px||false|false&#8221; custom_margin_last_edited=&#8221;on|tablet&#8221; custom_padding=&#8221;0px||0px||false|false&#8221; custom_padding_tablet=&#8221;0px||0px||false|false&#8221; custom_padding_phone=&#8221;0px||||false|false&#8221; global_colors_info=&#8221;{}&#8221;][et_pb_row column_structure=&#8221;1_2,1_2&#8221; use_custom_gutter=&#8221;on&#8221; gutter_width=&#8221;2&#8221; custom_padding_last_edited=&#8221;on|desktop&#8221; _builder_version=&#8221;4.27.4&#8221; _module_preset=&#8221;default&#8221; width=&#8221;90%&#8221; width_tablet=&#8221;100%&#8221; width_phone=&#8221;100%&#8221; width_last_edited=&#8221;on|desktop&#8221; max_width=&#8221;1080px&#8221; custom_margin=&#8221;||||false|false&#8221; custom_margin_tablet=&#8221;||||false|false&#8221; custom_margin_phone=&#8221;||||false|false&#8221; custom_margin_last_edited=&#8221;on|tablet&#8221; custom_padding_tablet=&#8221;||0px||false|false&#8221; custom_padding_phone=&#8221;||0px||false|false&#8221; global_colors_info=&#8221;{}&#8221;][et_pb_column type=&#8221;1_2&#8221; _builder_version=&#8221;4.19.2&#8221; _module_preset=&#8221;default&#8221; global_colors_info=&#8221;{}&#8221;][et_pb_image src=&#8221;https:\/\/hwr.ba\/wp-content\/uploads\/2025\/10\/Vukoje.png&#8221; title_text=&#8221;Vukoje&#8221; align_tablet=&#8221;center&#8221; align_phone=&#8221;center&#8221; align_last_edited=&#8221;on|desktop&#8221; _builder_version=&#8221;4.27.4&#8221; _module_preset=&#8221;default&#8221; width_tablet=&#8221;&#8221; width_phone=&#8221;&#8221; width_last_edited=&#8221;on|phone&#8221; module_alignment=&#8221;center&#8221; custom_padding_tablet=&#8221;|2rem||2rem|false|true&#8221; custom_padding_phone=&#8221;|0rem||0rem|false|true&#8221; custom_padding_last_edited=&#8221;on|desktop&#8221; animation_direction=&#8221;left&#8221; hover_transition_duration=&#8221;3000ms&#8221; border_radii=&#8221;on|10px|10px|10px|10px&#8221; global_colors_info=&#8221;{}&#8221;][\/et_pb_image][\/et_pb_column][et_pb_column type=&#8221;1_2&#8221; _builder_version=&#8221;4.19.2&#8221; _module_preset=&#8221;default&#8221; global_colors_info=&#8221;{}&#8221;][et_pb_heading title=&#8221;Podrum Vukoje 1982&#8221; _builder_version=&#8221;4.27.4&#8221; _module_preset=&#8221;default&#8221; title_level=&#8221;h2&#8221; title_font=&#8221;|700|||||||&#8221; title_text_color=&#8221;#B12E64&#8221; title_font_size=&#8221;42px&#8221; title_font_size_tablet=&#8221;42px&#8221; title_font_size_phone=&#8221;32px&#8221; title_font_size_last_edited=&#8221;on|phone&#8221; global_colors_info=&#8221;{}&#8221;][\/et_pb_heading][et_pb_text _builder_version=&#8221;4.27.4&#8221; _module_preset=&#8221;default&#8221; text_font=&#8221;Lora||||||||&#8221; text_font_size=&#8221;20px&#8221; text_line_height=&#8221;1.5em&#8221; text_font_size_tablet=&#8221;20px&#8221; text_font_size_phone=&#8221;18px&#8221; text_font_size_last_edited=&#8221;on|phone&#8221; global_colors_info=&#8221;{}&#8221;]<\/p>\n<p>\ud83d\udcc5 <strong>Subota i nedjelja, 15. i 16. studenoga 2025.<\/strong><br \/>\ud83d\udccd Aperitiv bar\/Vinska galerija Vukoje, Trebinje<br \/>Tri ekskluzivna vinsko-destilacijska programa \u2013 odaberite svoju dozu hedonizma!<\/p>\n<p>\ud83d\udd38 <strong>15.11. | 13:00 \u2013 16:00 h<\/strong><br \/>\ud83d\udccd Aperitiv bar &amp; destilerija Vukoje<br \/>\ud83d\udd39 Obilazak destilerije<br \/>\ud83d\udd39 Upoznavanje s proizvodnjom vrhunskih destilata<br \/>\ud83d\udd39 Degustacija 3 destilata<br \/>\ud83d\udcb6 Cijena: 20KM\/10 \u20ac po osobi<\/p>\n<p>\ud83d\udd38 <strong>15.11. | 17:00 \u2013 22:00 h<\/strong><br \/>\ud83d\udccd Vinska galerija Vukoje<br \/>\ud83d\udd39 Degustacija 3 vrhunska vina uz hladnu zakusku<br \/>\ud83d\udd39 Obilazak podruma uz pratnju sommeliera<br \/>\ud83c\udfb6 Glazba u\u017eivo<br \/>\ud83d\udcb6 Cijena: 50KM\/ 25 \u20ac po osobi<\/p>\n<p style=\"padding-bottom: 0;\">\ud83d\udd38 <strong>16.11. | 13:00 \u2013 18:00 h<\/strong><br \/>\ud83d\udccd Vinska galerija Vukoje<br \/>\ud83d\udd39 Degustacija 3 vina uz hladnu zakusku<br \/>\ud83d\udd39 Obilazak podruma sa sommelierom<br \/>\ud83d\udcb6 Cijena: 40KM\/20 \u20ac po osobi<br \/>\ud83d\udcde Rezervacije obavezne:<\/p>\n<p style=\"padding-left: 40px;\">+387 59 270 374; +387 66 990 665<\/p>\n<p>[\/et_pb_text][\/et_pb_column][\/et_pb_row][\/et_pb_section][et_pb_section fb_built=&#8221;1&#8221; _builder_version=&#8221;4.27.4&#8221; _module_preset=&#8221;default&#8221; background_color=&#8221;#F9F8F4&#8221; custom_margin=&#8221;||||false|false&#8221; custom_padding=&#8221;0px||||false|false&#8221; locked=&#8221;off&#8221; global_colors_info=&#8221;{}&#8221;][et_pb_row make_equal=&#8221;on&#8221; custom_padding_last_edited=&#8221;on|desktop&#8221; _builder_version=&#8221;4.27.4&#8221; _module_preset=&#8221;default&#8221; width=&#8221;90%&#8221; width_tablet=&#8221;100%&#8221; width_phone=&#8221;100%&#8221; width_last_edited=&#8221;on|phone&#8221; max_width=&#8221;1080px&#8221; module_alignment=&#8221;center&#8221; custom_padding=&#8221;||||false|false&#8221; custom_padding_tablet=&#8221;&#8221; custom_padding_phone=&#8221;&#8221; locked=&#8221;off&#8221; global_colors_info=&#8221;{}&#8221;][et_pb_column type=&#8221;4_4&#8221; _builder_version=&#8221;4.19.2&#8221; _module_preset=&#8221;default&#8221; global_colors_info=&#8221;{}&#8221;][et_pb_text _builder_version=&#8221;4.27.4&#8221; _module_preset=&#8221;default&#8221; text_font_size=&#8221;20px&#8221; text_line_height=&#8221;1.5em&#8221; custom_padding=&#8221;2rem||0rem||false|false&#8221; text_font_size_tablet=&#8221;&#8221; text_font_size_phone=&#8221;17px&#8221; text_font_size_last_edited=&#8221;on|phone&#8221; global_colors_info=&#8221;{}&#8221;]<\/p>\n<p>Manifestacija <a href=\"https:\/\/hwr.ba\/bs\/dani-otvorenih-podruma\/\"><strong>\u201cDani otvorenih podruma\u201d<\/strong><\/a> dio je aktivnosti koje Vinska cesta Hercegovine provodi s ciljem ja\u010danja turisti\u010dke ponude i promocije vinskog turizma u regiji, a <strong>sufinancirana je sredstvima Europske unije<\/strong>.<\/p>\n<p>[\/et_pb_text][\/et_pb_column][\/et_pb_row][\/et_pb_section]<\/p>\n","protected":false},"excerpt":{"rendered":"<p>HWR<div class=\"et_pb_module dnxte_text_color_motion dnxte_text_color_motion_0\">\n\t\t\t\t\n\t\t\t\t\n\t\t\t\t\n\t\t\t\t\n\t\t\t\t\n\t\t\t\t\n\t\t\t\t<div class=\"et_pb_module_inner\">\n\t\t\t\t\t<div>\r\n\t\t\t\t<&#8221;h1&#8221; class=\"&#8221;dnxt-grdnt-text-animation-2&#8221; dnxt-grdnt-text-animation_font\">\r\n\t\t\t\t\t&#8221;Trebinje\r\n\t\t\t\t<\/&#8221;h1&#8221;>\r\n\t\t\t<\/div>\n\t\t\t\t<\/div>\n\t\t\t<\/div><\/p>\n","protected":false},"author":2,"featured_media":268681,"parent":268888,"menu_order":0,"comment_status":"closed","ping_status":"closed","template":"","meta":{"_et_pb_use_builder":"on","_et_pb_old_content":"<!-- wp:divi\/placeholder \/-->","_et_gb_content_width":"","inline_featured_image":false,"footnotes":""},"class_list":["post-268934","page","type-page","status-publish","has-post-thumbnail","hentry"],"_links":{"self":[{"href":"https:\/\/hwr.ba\/bs\/wp-json\/wp\/v2\/pages\/268934","targetHints":{"allow":["GET"]}}],"collection":[{"href":"https:\/\/hwr.ba\/bs\/wp-json\/wp\/v2\/pages"}],"about":[{"href":"https:\/\/hwr.ba\/bs\/wp-json\/wp\/v2\/types\/page"}],"author":[{"embeddable":true,"href":"https:\/\/hwr.ba\/bs\/wp-json\/wp\/v2\/users\/2"}],"replies":[{"embeddable":true,"href":"https:\/\/hwr.ba\/bs\/wp-json\/wp\/v2\/comments?post=268934"}],"version-history":[{"count":7,"href":"https:\/\/hwr.ba\/bs\/wp-json\/wp\/v2\/pages\/268934\/revisions"}],"predecessor-version":[{"id":268974,"href":"https:\/\/hwr.ba\/bs\/wp-json\/wp\/v2\/pages\/268934\/revisions\/268974"}],"up":[{"embeddable":true,"href":"https:\/\/hwr.ba\/bs\/wp-json\/wp\/v2\/pages\/268888"}],"wp:featuredmedia":[{"embeddable":true,"href":"https:\/\/hwr.ba\/bs\/wp-json\/wp\/v2\/media\/268681"}],"wp:attachment":[{"href":"https:\/\/hwr.ba\/bs\/wp-json\/wp\/v2\/media?parent=268934"}],"curies":[{"name":"wp","href":"https:\/\/api.w.org\/{rel}","templated":true}]}}