{"id":260590,"date":"2022-12-06T07:46:32","date_gmt":"2022-12-06T06:46:32","guid":{"rendered":"http:\/\/hwr.ba\/kontakt\/"},"modified":"2025-05-29T13:23:46","modified_gmt":"2025-05-29T11:23:46","slug":"kontakt","status":"publish","type":"page","link":"https:\/\/hwr.ba\/bs\/kontakt\/","title":{"rendered":"Kontakt"},"content":{"rendered":"<p>[et_pb_section fb_built=&#8221;1&#8221; admin_label=&#8221;Header&#8221; module_class=&#8221;header-bottom-devider&#8221; _builder_version=&#8221;4.20.2&#8221; _module_preset=&#8221;default&#8221; background_color=&#8221;#372120&#8221; use_background_color_gradient=&#8221;on&#8221; background_color_gradient_stops=&#8221;#372221 0%|rgba(55,34,33,0.25) 20%&#8221; background_color_gradient_overlays_image=&#8221;on&#8221; background_image=&#8221;https:\/\/hwr.ba\/wp-content\/uploads\/2022\/12\/maksym-ky.webp&#8221; width=&#8221;100%&#8221; max_width=&#8221;100%&#8221; max_width_tablet=&#8221;&#8221; max_width_phone=&#8221;&#8221; max_width_last_edited=&#8221;on|tablet&#8221; min_height=&#8221;100vh&#8221; min_height_tablet=&#8221;100vh&#8221; min_height_phone=&#8221;100vh&#8221; min_height_last_edited=&#8221;on|phone&#8221; height=&#8221;100vh&#8221; height_tablet=&#8221;&#8221; height_phone=&#8221;auto&#8221; height_last_edited=&#8221;on|phone&#8221; max_height_tablet=&#8221;&#8221; max_height_phone=&#8221;&#8221; max_height_last_edited=&#8221;on|tablet&#8221; custom_margin=&#8221;0px|0px|0px|0px|false|false&#8221; custom_padding=&#8221;0px|0px|0px|0px|false|false&#8221; bottom_divider_height=&#8221;120px&#8221; bottom_divider_arrangement=&#8221;above_content&#8221; bottom_divider_height_phone=&#8221;74px&#8221; bottom_divider_height_last_edited=&#8221;off|tablet&#8221; global_colors_info=&#8221;{}&#8221;][et_pb_row custom_padding_last_edited=&#8221;on|desktop&#8221; _builder_version=&#8221;4.20.2&#8221; _module_preset=&#8221;default&#8221; width=&#8221;75%&#8221; width_tablet=&#8221;90%&#8221; width_phone=&#8221;100%&#8221; width_last_edited=&#8221;on|phone&#8221; custom_padding=&#8221;|2rem||2rem|false|true&#8221; custom_padding_tablet=&#8221;|1.5rem||1.5rem|false|true&#8221; custom_padding_phone=&#8221;|1rem||1rem|false|true&#8221; custom_css_main_element=&#8221;display: flex;||align-items: center;||min-height: 100vh;||&#8221; global_colors_info=&#8221;{}&#8221; custom_css_main_element_last_edited=&#8221;on|desktop&#8221; custom_css_main_element_tablet=&#8221;display: flex;||align-items: center;||min-height: 100vh;&#8221; custom_css_main_element_phone=&#8221;display: flex;||align-items: center;||min-height: 100vh;&#8221;][et_pb_column type=&#8221;4_4&#8221; _builder_version=&#8221;4.20.0&#8221; _module_preset=&#8221;default&#8221; global_colors_info=&#8221;{}&#8221;][et_pb_text _builder_version=&#8221;4.21.0&#8221; _module_preset=&#8221;default&#8221; text_font=&#8221;||||||||&#8221; text_text_color=&#8221;#FFFFFF&#8221; header_text_align=&#8221;center&#8221; header_text_color=&#8221;#FFFFFF&#8221; header_font_size=&#8221;82px&#8221; width=&#8221;100%&#8221; width_tablet=&#8221;&#8221; width_phone=&#8221;&#8221; width_last_edited=&#8221;on|phone&#8221; module_alignment=&#8221;center&#8221; custom_margin_tablet=&#8221;&#8221; custom_margin_phone=&#8221;4rem||||false|false&#8221; custom_margin_last_edited=&#8221;on|phone&#8221; custom_padding=&#8221;||||false|false&#8221; animation_style=&#8221;slide&#8221; animation_direction=&#8221;bottom&#8221; animation_delay=&#8221;200ms&#8221; header_font_tablet=&#8221;&#8221; header_font_phone=&#8221;&#8221; header_font_last_edited=&#8221;on|tablet&#8221; header_font_size_tablet=&#8221;62px&#8221; header_font_size_phone=&#8221;48px&#8221; header_font_size_last_edited=&#8221;on|phone&#8221; global_colors_info=&#8221;{}&#8221;]<\/p>\n<h1>Kontaktirajte nas<\/h1>\n<p>[\/et_pb_text][\/et_pb_column][\/et_pb_row][\/et_pb_section][et_pb_section fb_built=&#8221;1&#8221; custom_padding_last_edited=&#8221;on|desktop&#8221; _builder_version=&#8221;4.20.1&#8221; _module_preset=&#8221;default&#8221; background_color=&#8221;#F9F8F4&#8221; custom_margin=&#8221;||||false|false&#8221; custom_padding=&#8221;1rem||0px||false|false&#8221; custom_padding_tablet=&#8221;1rem||0px||false|false&#8221; custom_padding_phone=&#8221;1rem||0px||false|false&#8221; global_colors_info=&#8221;{}&#8221;][et_pb_row use_custom_gutter=&#8221;on&#8221; gutter_width=&#8221;2&#8221; make_equal=&#8221;on&#8221; custom_padding_last_edited=&#8221;on|tablet&#8221; module_class=&#8221;hwr-title-row-background-img&#8221; _builder_version=&#8221;4.19.2&#8221; _module_preset=&#8221;default&#8221; background_enable_image=&#8221;off&#8221; background_size=&#8221;custom&#8221; background_image_width=&#8221;150px&#8221; background_position=&#8221;center_left&#8221; width=&#8221;90%&#8221; width_tablet=&#8221;90%&#8221; width_phone=&#8221;90%&#8221; width_last_edited=&#8221;on|phone&#8221; min_height=&#8221;250px&#8221; min_height_tablet=&#8221;auto&#8221; min_height_phone=&#8221;auto&#8221; min_height_last_edited=&#8221;on|phone&#8221; custom_margin=&#8221;||||false|false&#8221; custom_padding=&#8221;||||false|false&#8221; custom_padding_tablet=&#8221;||||false|false&#8221; custom_padding_phone=&#8221;||0px||false|false&#8221; animation_style=&#8221;fade&#8221; animation_duration=&#8221;1500ms&#8221; animation_delay=&#8221;500ms&#8221; custom_css_before=&#8221;content: %22%22;||background-image: url(&#8216;https:\/\/hwr.ba\/wp-content\/uploads\/2022\/12\/grapes.svg&#8217;);||background-size: contain;||background-repeat: no-repeat;||position: absolute;||top: 0px;||right: 0px;||bottom: 0px;||left: 0px;||opacity: 0.4;||width: 150px;&#8221; global_colors_info=&#8221;{}&#8221; custom_css_before_last_edited=&#8221;on|tablet&#8221; custom_css_before_tablet=&#8221;content: %22%22;||background-image: url(&#8216;https:\/\/hwr.ba\/wp-content\/uploads\/2022\/12\/grapes.svg&#8217;);||background-size: contain;||background-repeat: no-repeat;||position: absolute;||top: 0px;||right: 0px;||bottom: 0px;||left: 0px;||opacity: 0.4;||width: 100px;&#8221; custom_css_before_phone=&#8221;content: %22%22;||background-image: url(&#8216;https:\/\/hwr.ba\/wp-content\/uploads\/2022\/12\/grapes.svg&#8217;);||background-size: contain;||background-repeat: no-repeat;||position: absolute;||top: 0px;||right: 0px;||bottom: 0px;||left: 0px;||opacity: 0.4;||width: 80px;&#8221;][et_pb_column type=&#8221;4_4&#8221; _builder_version=&#8221;4.19.2&#8221; _module_preset=&#8221;default&#8221; custom_padding=&#8221;0px|0px|0px||false|false&#8221; global_colors_info=&#8221;{}&#8221;][et_pb_text _builder_version=&#8221;4.20.2&#8221; _module_preset=&#8221;default&#8221; text_font=&#8221;Alata|||on|||||&#8221; text_text_color=&#8221;#B12E64&#8221; text_letter_spacing=&#8221;10px&#8221; vertical_offset=&#8221;25px&#8221; horizontal_offset=&#8221;-320px&#8221; width_tablet=&#8221;100%&#8221; width_phone=&#8221;100%&#8221; width_last_edited=&#8221;on|desktop&#8221; module_alignment=&#8221;left&#8221; custom_margin=&#8221;-1rem||||false|false&#8221; custom_padding=&#8221;1rem|||6rem|false|false&#8221; custom_padding_tablet=&#8221;0rem|||4rem|false|false&#8221; custom_padding_phone=&#8221;0rem|||3.5rem|false|false&#8221; custom_padding_last_edited=&#8221;on|desktop&#8221; text_font_size_tablet=&#8221;16px&#8221; text_font_size_phone=&#8221;12px&#8221; text_font_size_last_edited=&#8221;on|phone&#8221; global_colors_info=&#8221;{}&#8221;]<\/p>\n<p>Ostanite u kontaktu<\/p>\n<p>[\/et_pb_text][dnxte_text_color_motion text_color_motion=&#8221;Kontaktirajte nas&#8221; text_color_motion_style=&#8221;dnxt-grdnt-text-animation-2&#8221; color_motion_color_one=&#8221;#B12E64&#8221; color_motion_color_two=&#8221;#B12E64&#8221; color_motion_color_three=&#8221;#372221&#8221; color_motion_color_four=&#8221;#372221&#8221; _builder_version=&#8221;4.21.0&#8221; _module_preset=&#8221;default&#8221; dnxt_color_motion_fonts_font=&#8221;|300|||||||&#8221; dnxt_color_motion_fonts_font_size=&#8221;72px&#8221; vertical_offset=&#8221;82px&#8221; horizontal_offset=&#8221;-250px&#8221; width_tablet=&#8221;100%&#8221; width_phone=&#8221;100%&#8221; width_last_edited=&#8221;on|phone&#8221; max_width_tablet=&#8221;&#8221; max_width_phone=&#8221;&#8221; max_width_last_edited=&#8221;on|tablet&#8221; module_alignment=&#8221;left&#8221; custom_margin=&#8221;-1rem||||false|false&#8221; custom_margin_tablet=&#8221;|0px||0px|false|false&#8221; custom_margin_phone=&#8221;|0px||0px|false|false&#8221; custom_margin_last_edited=&#8221;on|phone&#8221; custom_padding=&#8221;|||6rem|false|false&#8221; custom_padding_tablet=&#8221;|||4rem|false|false&#8221; custom_padding_phone=&#8221;|||3.5rem|false|false&#8221; custom_padding_last_edited=&#8221;on|phone&#8221; dnxt_color_motion_fonts_font_size_tablet=&#8221;48px&#8221; dnxt_color_motion_fonts_font_size_phone=&#8221;36px&#8221; dnxt_color_motion_fonts_font_size_last_edited=&#8221;on|phone&#8221; global_colors_info=&#8221;{}&#8221; width__hover_enabled=&#8221;off|desktop&#8221;][\/dnxte_text_color_motion][\/et_pb_column][\/et_pb_row][\/et_pb_section][et_pb_section fb_built=&#8221;1&#8221; admin_label=&#8221;Contact Info&#8221; _builder_version=&#8221;4.20.1&#8221; background_color=&#8221;#F9F8F4&#8221; background_enable_image=&#8221;off&#8221; custom_padding=&#8221;0px||||false|false&#8221; saved_tabs=&#8221;all&#8221; locked=&#8221;off&#8221; global_colors_info=&#8221;{}&#8221;][et_pb_row column_structure=&#8221;1_3,1_3,1_3&#8221; _builder_version=&#8221;4.20.1&#8221; custom_padding=&#8221;||0px||false|false&#8221; global_colors_info=&#8221;{}&#8221;][et_pb_column type=&#8221;1_3&#8221; _builder_version=&#8221;4.16&#8221; global_colors_info=&#8221;{}&#8221;][et_pb_text _builder_version=&#8221;4.21.0&#8221; link_font=&#8221;Lora||on||||||&#8221; link_text_color=&#8221;#280400&#8221; link_font_size=&#8221;18px&#8221; link_line_height=&#8221;1.6em&#8221; header_3_font=&#8221;|700||on|||||&#8221; header_3_text_color=&#8221;#E8BA6F&#8221; header_3_font_size=&#8221;20px&#8221; header_3_letter_spacing=&#8221;2px&#8221; header_3_line_height=&#8221;1.4em&#8221; link_font_size_tablet=&#8221;18px&#8221; link_font_size_phone=&#8221;18px&#8221; link_font_size_last_edited=&#8221;on|tablet&#8221; locked=&#8221;off&#8221; global_colors_info=&#8221;{}&#8221;]<\/p>\n<h3>Telefon:<\/h3>\n<p><a href=\"#\">+387 36 333 651<\/a><\/p>\n<p><quillbot-extension-portal><\/quillbot-extension-portal><\/p>\n<p>[\/et_pb_text][\/et_pb_column][et_pb_column type=&#8221;1_3&#8221; _builder_version=&#8221;4.16&#8221; global_colors_info=&#8221;{}&#8221;][et_pb_text _builder_version=&#8221;4.21.0&#8221; link_font=&#8221;Lora||on||||||&#8221; link_text_color=&#8221;#280400&#8221; link_font_size=&#8221;18px&#8221; link_line_height=&#8221;1.6em&#8221; header_3_font=&#8221;|700||on|||||&#8221; header_3_text_color=&#8221;#E8BA6F&#8221; header_3_font_size=&#8221;20px&#8221; header_3_letter_spacing=&#8221;2px&#8221; header_3_line_height=&#8221;1.4em&#8221; link_font_size_tablet=&#8221;18px&#8221; link_font_size_phone=&#8221;18px&#8221; link_font_size_last_edited=&#8221;on|tablet&#8221; locked=&#8221;off&#8221; global_colors_info=&#8221;{}&#8221;]<\/p>\n<h3>Email<\/h3>\n<p><a href=\"#\">info@komorabih.ba<\/a><\/p>\n<p>[\/et_pb_text][\/et_pb_column][et_pb_column type=&#8221;1_3&#8221; _builder_version=&#8221;4.16&#8221; global_colors_info=&#8221;{}&#8221;][et_pb_text _builder_version=&#8221;4.21.0&#8221; link_font=&#8221;Lora||on||||||&#8221; link_text_color=&#8221;#280400&#8221; link_font_size=&#8221;18px&#8221; link_line_height=&#8221;1.6em&#8221; header_3_font=&#8221;|700||on|||||&#8221; header_3_text_color=&#8221;#E8BA6F&#8221; header_3_font_size=&#8221;20px&#8221; header_3_letter_spacing=&#8221;2px&#8221; header_3_line_height=&#8221;1.4em&#8221; link_font_size_tablet=&#8221;18px&#8221; link_font_size_phone=&#8221;18px&#8221; link_font_size_last_edited=&#8221;on|tablet&#8221; locked=&#8221;off&#8221; global_colors_info=&#8221;{}&#8221;]<\/p>\n<h3>Adresa<\/h3>\n<p><a href=\"#\">Dr. Ante Star\u010devi\u0107a 88,000 Mostar<\/a><\/p>\n<p>[\/et_pb_text][\/et_pb_column][\/et_pb_row][et_pb_row _builder_version=&#8221;4.16&#8221; global_colors_info=&#8221;{}&#8221;][et_pb_column type=&#8221;4_4&#8221; _builder_version=&#8221;4.16&#8221; global_colors_info=&#8221;{}&#8221;][toolset_divi_view toolset_view=&#8221;map-for-page&#8221; _builder_version=&#8221;4.21.0&#8221; _module_preset=&#8221;default&#8221; global_colors_info=&#8221;{}&#8221;][\/toolset_divi_view][et_pb_contact_form use_spam_service=&#8221;on&#8221; recaptcha_list=&#8221;Default|Default-0&#8221; title=&#8221;Kontakt forma&#8221; success_message=&#8221;Uspje\u0161no ste poslali poruku, odgovorit \u0107emo u \u0161to kra\u0107em roku, hvala vam \u0161to ste nas kontaktirali.&#8221; submit_button_text=&#8221;Po\u0161alji&#8221; _builder_version=&#8221;4.23.1&#8221; form_field_background_color=&#8221;rgba(0,0,0,0)&#8221; form_field_text_color=&#8221;#280400&#8221; form_field_custom_padding=&#8221;|||0px|false|false&#8221; form_field_font=&#8221;Lora||||||||&#8221; form_field_font_size=&#8221;16px&#8221; form_field_line_height=&#8221;1.4em&#8221; custom_button=&#8221;on&#8221; button_text_size=&#8221;14px&#8221; button_text_color=&#8221;#280400&#8221; button_bg_color=&#8221;rgba(0,0,0,0)&#8221; button_border_width=&#8221;2px&#8221; button_border_color=&#8221;#280400&#8221; button_border_radius=&#8221;0px&#8221; button_font=&#8221;Lora||on||||||&#8221; button_use_icon=&#8221;off&#8221; button_custom_margin=&#8221;30px||||false|false&#8221; button_custom_padding=&#8221;14px|30px|14px|30px|true|true&#8221; max_width=&#8221;600px&#8221; max_width_tablet=&#8221;100%&#8221; max_width_phone=&#8221;&#8221; max_width_last_edited=&#8221;on|tablet&#8221; module_alignment=&#8221;center&#8221; border_color_all=&#8221;#280400&#8221; border_width_bottom=&#8221;2px&#8221; global_colors_info=&#8221;{}&#8221; button_bg_color__hover=&#8221;#280400&#8221; button_bg_color__hover_enabled=&#8221;on|desktop&#8221; button_bg_enable_color__hover=&#8221;on&#8221; button_text_color__hover_enabled=&#8221;on|hover&#8221; button_text_color__hover=&#8221;#f9f5f1&#8221;][et_pb_contact_field field_id=&#8221;Name&#8221; field_title=&#8221;Ime&#8221; _builder_version=&#8221;4.21.0&#8221; global_colors_info=&#8221;{}&#8221; button_text_size__hover_enabled=&#8221;off&#8221; button_one_text_size__hover_enabled=&#8221;off&#8221; button_two_text_size__hover_enabled=&#8221;off&#8221; button_text_color__hover_enabled=&#8221;off&#8221; button_one_text_color__hover_enabled=&#8221;off&#8221; button_two_text_color__hover_enabled=&#8221;off&#8221; button_border_width__hover_enabled=&#8221;off&#8221; button_one_border_width__hover_enabled=&#8221;off&#8221; button_two_border_width__hover_enabled=&#8221;off&#8221; button_border_color__hover_enabled=&#8221;off&#8221; button_one_border_color__hover_enabled=&#8221;off&#8221; button_two_border_color__hover_enabled=&#8221;off&#8221; button_border_radius__hover_enabled=&#8221;off&#8221; button_one_border_radius__hover_enabled=&#8221;off&#8221; button_two_border_radius__hover_enabled=&#8221;off&#8221; button_letter_spacing__hover_enabled=&#8221;off&#8221; button_one_letter_spacing__hover_enabled=&#8221;off&#8221; button_two_letter_spacing__hover_enabled=&#8221;off&#8221; button_bg_color__hover_enabled=&#8221;off&#8221; button_one_bg_color__hover_enabled=&#8221;off&#8221; button_two_bg_color__hover_enabled=&#8221;off&#8221;][\/et_pb_contact_field][et_pb_contact_field field_id=&#8221;Email&#8221; field_title=&#8221;Email adresa&#8221; field_type=&#8221;email&#8221; _builder_version=&#8221;4.21.0&#8221; global_colors_info=&#8221;{}&#8221; button_text_size__hover_enabled=&#8221;off&#8221; button_one_text_size__hover_enabled=&#8221;off&#8221; button_two_text_size__hover_enabled=&#8221;off&#8221; button_text_color__hover_enabled=&#8221;off&#8221; button_one_text_color__hover_enabled=&#8221;off&#8221; button_two_text_color__hover_enabled=&#8221;off&#8221; button_border_width__hover_enabled=&#8221;off&#8221; button_one_border_width__hover_enabled=&#8221;off&#8221; button_two_border_width__hover_enabled=&#8221;off&#8221; button_border_color__hover_enabled=&#8221;off&#8221; button_one_border_color__hover_enabled=&#8221;off&#8221; button_two_border_color__hover_enabled=&#8221;off&#8221; button_border_radius__hover_enabled=&#8221;off&#8221; button_one_border_radius__hover_enabled=&#8221;off&#8221; button_two_border_radius__hover_enabled=&#8221;off&#8221; button_letter_spacing__hover_enabled=&#8221;off&#8221; button_one_letter_spacing__hover_enabled=&#8221;off&#8221; button_two_letter_spacing__hover_enabled=&#8221;off&#8221; button_bg_color__hover_enabled=&#8221;off&#8221; button_one_bg_color__hover_enabled=&#8221;off&#8221; button_two_bg_color__hover_enabled=&#8221;off&#8221;][\/et_pb_contact_field][et_pb_contact_field field_id=&#8221;Message&#8221; field_title=&#8221;Poruka&#8221; field_type=&#8221;text&#8221; fullwidth_field=&#8221;on&#8221; _builder_version=&#8221;4.21.0&#8221; global_colors_info=&#8221;{}&#8221; button_text_size__hover_enabled=&#8221;off&#8221; button_one_text_size__hover_enabled=&#8221;off&#8221; button_two_text_size__hover_enabled=&#8221;off&#8221; button_text_color__hover_enabled=&#8221;off&#8221; button_one_text_color__hover_enabled=&#8221;off&#8221; button_two_text_color__hover_enabled=&#8221;off&#8221; button_border_width__hover_enabled=&#8221;off&#8221; button_one_border_width__hover_enabled=&#8221;off&#8221; button_two_border_width__hover_enabled=&#8221;off&#8221; button_border_color__hover_enabled=&#8221;off&#8221; button_one_border_color__hover_enabled=&#8221;off&#8221; button_two_border_color__hover_enabled=&#8221;off&#8221; button_border_radius__hover_enabled=&#8221;off&#8221; button_one_border_radius__hover_enabled=&#8221;off&#8221; button_two_border_radius__hover_enabled=&#8221;off&#8221; button_letter_spacing__hover_enabled=&#8221;off&#8221; button_one_letter_spacing__hover_enabled=&#8221;off&#8221; button_two_letter_spacing__hover_enabled=&#8221;off&#8221; button_bg_color__hover_enabled=&#8221;off&#8221; button_one_bg_color__hover_enabled=&#8221;off&#8221; button_two_bg_color__hover_enabled=&#8221;off&#8221;][\/et_pb_contact_field][\/et_pb_contact_form][\/et_pb_column][\/et_pb_row][\/et_pb_section]<\/p>\n","protected":false},"excerpt":{"rendered":"<p>Kontaktirajte nasOstanite u kontaktu<div class=\"et_pb_module dnxte_text_color_motion dnxte_text_color_motion_0\">\n\t\t\t\t\n\t\t\t\t\n\t\t\t\t\n\t\t\t\t\n\t\t\t\t\n\t\t\t\t\n\t\t\t\t<div class=\"et_pb_module_inner\">\n\t\t\t\t\t<div>\r\n\t\t\t\t<h2 class=\"&#8221;dnxt-grdnt-text-animation-2&#8221; dnxt-grdnt-text-animation_font\">\r\n\t\t\t\t\t&#8221;Kontaktirajte\r\n\t\t\t\t<\/h2>\r\n\t\t\t<\/div>\n\t\t\t\t<\/div>\n\t\t\t<\/div><\/p>\n","protected":false},"author":2,"featured_media":0,"parent":0,"menu_order":0,"comment_status":"closed","ping_status":"closed","template":"","meta":{"_et_pb_use_builder":"on","_et_pb_old_content":"","_et_gb_content_width":"","inline_featured_image":false,"footnotes":""},"class_list":["post-260590","page","type-page","status-publish","hentry"],"_links":{"self":[{"href":"https:\/\/hwr.ba\/bs\/wp-json\/wp\/v2\/pages\/260590","targetHints":{"allow":["GET"]}}],"collection":[{"href":"https:\/\/hwr.ba\/bs\/wp-json\/wp\/v2\/pages"}],"about":[{"href":"https:\/\/hwr.ba\/bs\/wp-json\/wp\/v2\/types\/page"}],"author":[{"embeddable":true,"href":"https:\/\/hwr.ba\/bs\/wp-json\/wp\/v2\/users\/2"}],"replies":[{"embeddable":true,"href":"https:\/\/hwr.ba\/bs\/wp-json\/wp\/v2\/comments?post=260590"}],"version-history":[{"count":1,"href":"https:\/\/hwr.ba\/bs\/wp-json\/wp\/v2\/pages\/260590\/revisions"}],"predecessor-version":[{"id":268518,"href":"https:\/\/hwr.ba\/bs\/wp-json\/wp\/v2\/pages\/260590\/revisions\/268518"}],"wp:attachment":[{"href":"https:\/\/hwr.ba\/bs\/wp-json\/wp\/v2\/media?parent=260590"}],"curies":[{"name":"wp","href":"https:\/\/api.w.org\/{rel}","templated":true}]}}